{"id":14038,"date":"2025-04-23T07:07:23","date_gmt":"2025-04-23T05:07:23","guid":{"rendered":"https:\/\/oti.unp.edu.pe\/?page_id=14038"},"modified":"2025-04-23T07:11:36","modified_gmt":"2025-04-23T05:11:36","slug":"preguntas-frecuentes","status":"publish","type":"page","link":"https:\/\/oti.unp.edu.pe\/?page_id=14038","title":{"rendered":"Preguntas Frecuentes"},"content":{"rendered":"\t\t<div data-elementor-type=\"wp-post\" data-elementor-id=\"14038\" class=\"elementor elementor-14038\">\n\t\t\t\t\t\t\t\t\t<section class=\"elementor-section elementor-top-section elementor-element elementor-element-514b933 elementor-section-stretched elementor-section-height-full elementor-section-boxed elementor-section-height-default elementor-section-items-middle\" data-id=\"514b933\" data-element_type=\"section\" data-settings=\"{&quot;stretch_section&quot;:&quot;section-stretched&quot;,&quot;background_background&quot;:&quot;classic&quot;}\">\n\t\t\t\t\t\t\t<div class=\"elementor-background-overlay\"><\/div>\n\t\t\t\t\t\t\t<div class=\"elementor-container elementor-column-gap-default\">\n\t\t\t\t\t<div class=\"elementor-column elementor-col-100 elementor-top-column elementor-element elementor-element-57734dc8\" data-id=\"57734dc8\" data-element_type=\"column\">\n\t\t\t<div class=\"elementor-widget-wrap elementor-element-populated\">\n\t\t\t\t\t\t\t\t<div class=\"elementor-element elementor-element-4c7114fb elementor-widget elementor-widget-heading\" data-id=\"4c7114fb\" data-element_type=\"widget\" data-widget_type=\"heading.default\">\n\t\t\t\t<div class=\"elementor-widget-container\">\n\t\t\t<style>\/*! elementor - v3.16.0 - 17-10-2023 *\/\n.elementor-heading-title{padding:0;margin:0;line-height:1}.elementor-widget-heading .elementor-heading-title[class*=elementor-size-]>a{color:inherit;font-size:inherit;line-height:inherit}.elementor-widget-heading .elementor-heading-title.elementor-size-small{font-size:15px}.elementor-widget-heading .elementor-heading-title.elementor-size-medium{font-size:19px}.elementor-widget-heading .elementor-heading-title.elementor-size-large{font-size:29px}.elementor-widget-heading .elementor-heading-title.elementor-size-xl{font-size:39px}.elementor-widget-heading .elementor-heading-title.elementor-size-xxl{font-size:59px}<\/style><h2 class=\"elementor-heading-title elementor-size-default\">FAQs<\/h2>\t\t<\/div>\n\t\t\t\t<\/div>\n\t\t\t\t\t<\/div>\n\t\t<\/div>\n\t\t\t\t\t\t\t<\/div>\n\t\t<\/section>\n\t\t<div class=\"elementor-element elementor-element-9ac36c6 e-flex e-con-boxed e-con e-parent\" data-id=\"9ac36c6\" data-element_type=\"container\" data-settings=\"{&quot;content_width&quot;:&quot;boxed&quot;}\" data-core-v316-plus=\"true\">\n\t\t\t\t\t<div class=\"e-con-inner\">\n\t\t\t\t<div class=\"elementor-element elementor-element-0b1b900 elementor-widget elementor-widget-betterdocs-faq\" data-id=\"0b1b900\" data-element_type=\"widget\" data-widget_type=\"betterdocs-faq.default\">\n\t\t\t\t<div class=\"elementor-widget-container\">\n\t\t\t<div\n\tclass=\"betterdocs-faq-wrapper layout-modern icon-after betterdocs-faq-layout-1 betterdocs-shortcode\">\n\t<h2 class=\"betterdocs-faq-layout-1 betterdocs-faq-section-title\">\n\t\tPreguntas Frecuentes\t<\/h2>\n\n\t<div class=\"betterdocs-faq-inner-wrapper\">\n\t\t<div class=\"betterdocs-faq-title\">\n\t<h2>SIGA Acad\u00e9mico<\/h2>\n<\/div>\n<ul class=\"betterdocs-faq-list\"><li><div class=\"betterdocs-faq-group\"><div class=\"betterdocs-faq-post\">\n\t\t<span class=\"betterdocs-faq-post-name\">\n\t\tC\u00f3mo ver mi horario?\t<\/span>\n\t<svg class=\"betterdocs-faq-iconminus\" xmlns=\"http:\/\/www.w3.org\/2000\/svg\" viewBox=\"0 0 24 24\"stroke-width=\"2\"><g fill=\"none\" stroke=\"#528ffe\" stroke-linecap=\"round\" stroke-miterlimit=\"10\" stroke-linejoin=\"round\"><path d=\"M17 12H7\"><\/path><circle cx=\"12\" cy=\"12\" r=\"11\"><\/circle><\/g><\/svg><svg class=\"betterdocs-faq-iconplus\" xmlns=\"http:\/\/www.w3.org\/2000\/svg\" viewBox=\"0 0 24 24\"><g stroke-width=\"2\" fill=\"none\" stroke=\"#528ffe\" stroke-linecap=\"square\" stroke-miterlimit=\"10\"><path d=\"M12 7v10M17 12H7\"><\/path><circle cx=\"12\" cy=\"12\" r=\"11\"><\/circle><\/g><\/svg><\/div>\n<div class=\"betterdocs-faq-main-content\" >\n\t<p>Una vez qu e est\u00e9s logeado, entra al men\u00fa: Mi horario.<\/p>\n<\/div>\n<\/div><\/li><li><div class=\"betterdocs-faq-group\"><div class=\"betterdocs-faq-post\">\n\t\t<span class=\"betterdocs-faq-post-name\">\n\t\tC\u00f3mo recuperar la contrase\u00f1a?\t<\/span>\n\t<svg class=\"betterdocs-faq-iconminus\" xmlns=\"http:\/\/www.w3.org\/2000\/svg\" viewBox=\"0 0 24 24\"stroke-width=\"2\"><g fill=\"none\" stroke=\"#528ffe\" stroke-linecap=\"round\" stroke-miterlimit=\"10\" stroke-linejoin=\"round\"><path d=\"M17 12H7\"><\/path><circle cx=\"12\" cy=\"12\" r=\"11\"><\/circle><\/g><\/svg><svg class=\"betterdocs-faq-iconplus\" xmlns=\"http:\/\/www.w3.org\/2000\/svg\" viewBox=\"0 0 24 24\"><g stroke-width=\"2\" fill=\"none\" stroke=\"#528ffe\" stroke-linecap=\"square\" stroke-miterlimit=\"10\"><path d=\"M12 7v10M17 12H7\"><\/path><circle cx=\"12\" cy=\"12\" r=\"11\"><\/circle><\/g><\/svg><\/div>\n<div class=\"betterdocs-faq-main-content\" >\n\t<p>En la parte inferior izquierda haz clic en recuperar contrase\u00f1a.<\/p>\n<\/div>\n<\/div><\/li><\/ul>\t<\/div>\n<\/div>\n\t\t<\/div>\n\t\t\t\t<\/div>\n\t\t\t\t\t<\/div>\n\t\t\t\t<\/div>\n\t\t\t\t\t\t\t<\/div>\n\t\t","protected":false},"excerpt":{"rendered":"<p>FAQs Preguntas Frecuentes SIGA Acad\u00e9mico C\u00f3mo ver mi horario? Una<\/p>\n","protected":false},"author":1,"featured_media":0,"parent":0,"menu_order":0,"comment_status":"closed","ping_status":"closed","template":"","meta":{"footnotes":""},"yoast_head":"<!-- This site is optimized with the Yoast SEO plugin v23.4 - https:\/\/yoast.com\/wordpress\/plugins\/seo\/ -->\n<title>Preguntas Frecuentes - Oficina de Tecnolog\u00eda de Informaci\u00f3n<\/title>\n<meta name=\"robots\" content=\"index, follow, max-snippet:-1, max-image-preview:large, max-video-preview:-1\" \/>\n<link rel=\"canonical\" href=\"https:\/\/oti.unp.edu.pe\/?page_id=14038\" \/>\n<meta property=\"og:locale\" content=\"es_ES\" \/>\n<meta property=\"og:type\" content=\"article\" \/>\n<meta property=\"og:title\" content=\"Preguntas Frecuentes - Oficina de Tecnolog\u00eda de Informaci\u00f3n\" \/>\n<meta property=\"og:description\" content=\"FAQs Preguntas Frecuentes SIGA Acad\u00e9mico C\u00f3mo ver mi horario? Una\" \/>\n<meta property=\"og:url\" content=\"https:\/\/oti.unp.edu.pe\/?page_id=14038\" \/>\n<meta property=\"og:site_name\" content=\"Oficina de Tecnolog\u00eda de Informaci\u00f3n\" \/>\n<meta property=\"article:modified_time\" content=\"2025-04-23T05:11:36+00:00\" \/>\n<meta name=\"twitter:card\" content=\"summary_large_image\" \/>\n<meta name=\"twitter:label1\" content=\"Tiempo de lectura\" \/>\n\t<meta name=\"twitter:data1\" content=\"1 minuto\" \/>\n<script type=\"application\/ld+json\" class=\"yoast-schema-graph\">{\"@context\":\"https:\/\/schema.org\",\"@graph\":[{\"@type\":\"WebPage\",\"@id\":\"https:\/\/oti.unp.edu.pe\/?page_id=14038\",\"url\":\"https:\/\/oti.unp.edu.pe\/?page_id=14038\",\"name\":\"Preguntas Frecuentes - Oficina de Tecnolog\u00eda de Informaci\u00f3n\",\"isPartOf\":{\"@id\":\"https:\/\/oti.unp.edu.pe\/#website\"},\"datePublished\":\"2025-04-23T05:07:23+00:00\",\"dateModified\":\"2025-04-23T05:11:36+00:00\",\"breadcrumb\":{\"@id\":\"https:\/\/oti.unp.edu.pe\/?page_id=14038#breadcrumb\"},\"inLanguage\":\"es\",\"potentialAction\":[{\"@type\":\"ReadAction\",\"target\":[\"https:\/\/oti.unp.edu.pe\/?page_id=14038\"]}]},{\"@type\":\"BreadcrumbList\",\"@id\":\"https:\/\/oti.unp.edu.pe\/?page_id=14038#breadcrumb\",\"itemListElement\":[{\"@type\":\"ListItem\",\"position\":1,\"name\":\"Portada\",\"item\":\"https:\/\/oti.unp.edu.pe\/\"},{\"@type\":\"ListItem\",\"position\":2,\"name\":\"Preguntas Frecuentes\"}]},{\"@type\":\"WebSite\",\"@id\":\"https:\/\/oti.unp.edu.pe\/#website\",\"url\":\"https:\/\/oti.unp.edu.pe\/\",\"name\":\"Oficina de Tecnolog\u00eda de Informaci\u00f3n\",\"description\":\"\",\"publisher\":{\"@id\":\"https:\/\/oti.unp.edu.pe\/#organization\"},\"potentialAction\":[{\"@type\":\"SearchAction\",\"target\":{\"@type\":\"EntryPoint\",\"urlTemplate\":\"https:\/\/oti.unp.edu.pe\/?s={search_term_string}\"},\"query-input\":{\"@type\":\"PropertyValueSpecification\",\"valueRequired\":true,\"valueName\":\"search_term_string\"}}],\"inLanguage\":\"es\"},{\"@type\":\"Organization\",\"@id\":\"https:\/\/oti.unp.edu.pe\/#organization\",\"name\":\"Oficina de Tecnolog\u00eda de Informaci\u00f3n\",\"url\":\"https:\/\/oti.unp.edu.pe\/\",\"logo\":{\"@type\":\"ImageObject\",\"inLanguage\":\"es\",\"@id\":\"https:\/\/oti.unp.edu.pe\/#\/schema\/logo\/image\/\",\"url\":\"https:\/\/oti.unp.edu.pe\/wp-content\/uploads\/2025\/01\/Google_org-Accelerator_-Generative-AI-abre-convocatoria-global-para-proyectos-de-IA-generativa-Exitosa-Noticias.jpg\",\"contentUrl\":\"https:\/\/oti.unp.edu.pe\/wp-content\/uploads\/2025\/01\/Google_org-Accelerator_-Generative-AI-abre-convocatoria-global-para-proyectos-de-IA-generativa-Exitosa-Noticias.jpg\",\"width\":736,\"height\":385,\"caption\":\"Oficina de Tecnolog\u00eda de Informaci\u00f3n\"},\"image\":{\"@id\":\"https:\/\/oti.unp.edu.pe\/#\/schema\/logo\/image\/\"}}]}<\/script>\n<!-- \/ Yoast SEO plugin. -->","yoast_head_json":{"title":"Preguntas Frecuentes - Oficina de Tecnolog\u00eda de Informaci\u00f3n","robots":{"index":"index","follow":"follow","max-snippet":"max-snippet:-1","max-image-preview":"max-image-preview:large","max-video-preview":"max-video-preview:-1"},"canonical":"https:\/\/oti.unp.edu.pe\/?page_id=14038","og_locale":"es_ES","og_type":"article","og_title":"Preguntas Frecuentes - Oficina de Tecnolog\u00eda de Informaci\u00f3n","og_description":"FAQs Preguntas Frecuentes SIGA Acad\u00e9mico C\u00f3mo ver mi horario? Una","og_url":"https:\/\/oti.unp.edu.pe\/?page_id=14038","og_site_name":"Oficina de Tecnolog\u00eda de Informaci\u00f3n","article_modified_time":"2025-04-23T05:11:36+00:00","twitter_card":"summary_large_image","twitter_misc":{"Tiempo de lectura":"1 minuto"},"schema":{"@context":"https:\/\/schema.org","@graph":[{"@type":"WebPage","@id":"https:\/\/oti.unp.edu.pe\/?page_id=14038","url":"https:\/\/oti.unp.edu.pe\/?page_id=14038","name":"Preguntas Frecuentes - Oficina de Tecnolog\u00eda de Informaci\u00f3n","isPartOf":{"@id":"https:\/\/oti.unp.edu.pe\/#website"},"datePublished":"2025-04-23T05:07:23+00:00","dateModified":"2025-04-23T05:11:36+00:00","breadcrumb":{"@id":"https:\/\/oti.unp.edu.pe\/?page_id=14038#breadcrumb"},"inLanguage":"es","potentialAction":[{"@type":"ReadAction","target":["https:\/\/oti.unp.edu.pe\/?page_id=14038"]}]},{"@type":"BreadcrumbList","@id":"https:\/\/oti.unp.edu.pe\/?page_id=14038#breadcrumb","itemListElement":[{"@type":"ListItem","position":1,"name":"Portada","item":"https:\/\/oti.unp.edu.pe\/"},{"@type":"ListItem","position":2,"name":"Preguntas Frecuentes"}]},{"@type":"WebSite","@id":"https:\/\/oti.unp.edu.pe\/#website","url":"https:\/\/oti.unp.edu.pe\/","name":"Oficina de Tecnolog\u00eda de Informaci\u00f3n","description":"","publisher":{"@id":"https:\/\/oti.unp.edu.pe\/#organization"},"potentialAction":[{"@type":"SearchAction","target":{"@type":"EntryPoint","urlTemplate":"https:\/\/oti.unp.edu.pe\/?s={search_term_string}"},"query-input":{"@type":"PropertyValueSpecification","valueRequired":true,"valueName":"search_term_string"}}],"inLanguage":"es"},{"@type":"Organization","@id":"https:\/\/oti.unp.edu.pe\/#organization","name":"Oficina de Tecnolog\u00eda de Informaci\u00f3n","url":"https:\/\/oti.unp.edu.pe\/","logo":{"@type":"ImageObject","inLanguage":"es","@id":"https:\/\/oti.unp.edu.pe\/#\/schema\/logo\/image\/","url":"https:\/\/oti.unp.edu.pe\/wp-content\/uploads\/2025\/01\/Google_org-Accelerator_-Generative-AI-abre-convocatoria-global-para-proyectos-de-IA-generativa-Exitosa-Noticias.jpg","contentUrl":"https:\/\/oti.unp.edu.pe\/wp-content\/uploads\/2025\/01\/Google_org-Accelerator_-Generative-AI-abre-convocatoria-global-para-proyectos-de-IA-generativa-Exitosa-Noticias.jpg","width":736,"height":385,"caption":"Oficina de Tecnolog\u00eda de Informaci\u00f3n"},"image":{"@id":"https:\/\/oti.unp.edu.pe\/#\/schema\/logo\/image\/"}}]}},"_links":{"self":[{"href":"https:\/\/oti.unp.edu.pe\/index.php?rest_route=\/wp\/v2\/pages\/14038"}],"collection":[{"href":"https:\/\/oti.unp.edu.pe\/index.php?rest_route=\/wp\/v2\/pages"}],"about":[{"href":"https:\/\/oti.unp.edu.pe\/index.php?rest_route=\/wp\/v2\/types\/page"}],"author":[{"embeddable":true,"href":"https:\/\/oti.unp.edu.pe\/index.php?rest_route=\/wp\/v2\/users\/1"}],"replies":[{"embeddable":true,"href":"https:\/\/oti.unp.edu.pe\/index.php?rest_route=%2Fwp%2Fv2%2Fcomments&post=14038"}],"version-history":[{"count":4,"href":"https:\/\/oti.unp.edu.pe\/index.php?rest_route=\/wp\/v2\/pages\/14038\/revisions"}],"predecessor-version":[{"id":14042,"href":"https:\/\/oti.unp.edu.pe\/index.php?rest_route=\/wp\/v2\/pages\/14038\/revisions\/14042"}],"wp:attachment":[{"href":"https:\/\/oti.unp.edu.pe\/index.php?rest_route=%2Fwp%2Fv2%2Fmedia&parent=14038"}],"curies":[{"name":"wp","href":"https:\/\/api.w.org\/{rel}","templated":true}]}}